{"id":8,"date":"2015-04-02T06:10:45","date_gmt":"2015-04-02T06:10:45","guid":{"rendered":"http:\/\/tfz.lokomotive-online.com\/?page_id=8"},"modified":"2021-11-07T08:59:11","modified_gmt":"2021-11-07T07:59:11","slug":"lokomotiven-deutscher-eisenbahnen","status":"publish","type":"page","link":"https:\/\/tfz.lokomotive-online.com\/","title":{"rendered":"Lokomotiven deutscher Eisenbahnen"},"content":{"rendered":"<h1><strong id=\"emotion-header-title\">Lokomotiven deutscher Eisenbahnen<\/strong><\/h1>\n<p><img decoding=\"async\" style=\"height: 338px; width: 450px;\" src=\"https:\/\/www.u-bahn-berlin.de\/lok\/bilder\/9211_2021-06-28.jpg\" alt=\"9211\" \/><\/p>\n<p>Triebzug 9211, ein siebenteiliger ICE 4, in Berlin Gesundbrunnen, 2021<\/p>\n<table border=\"0\" cellspacing=\"0\" cellpadding=\"3\" align=\"\">\n<tbody>\n<tr>\n<td>\n<p style=\"text-align: center;\">Auf diesen Seiten werden die deutschen Lokomotiven gelistet, die Triebwagen bleiben bis zur DB AG-Zeit mit Absicht aussen vor.<br \/>\nZu den technischen Daten kommen noch, so weit m\u00f6glich, gebaute St\u00fcckzahlen sowie Stationierungsangaben und Best\u00e4nde zu bestimmten Stichtagen dazu.<\/p>\n<\/td>\n<\/tr>\n<\/tbody>\n<\/table>\n<h2>1. L\u00e4nderbahnen: 1835 &#8211; 1920<\/h2>\n<p><img decoding=\"async\" style=\"width: 450px; height: 338px;\" src=\"https:\/\/www.u-bahn-berlin.de\/lok\/bilder\/beuth_2021-06-01.jpg\" alt=\"Lok Beuth\" \/><\/p>\n<p>Lok Beuth im Berliner Technikmuseum, 2021<\/p>\n<table border=\"0\" cellspacing=\"0\" cellpadding=\"3\" align=\"\">\n<tbody>\n<tr>\n<td valign=\"top\" width=\"661\">bis 01.04.1920<\/td>\n<td valign=\"top\" width=\"661\">L\u00e4nderbahnen<\/td>\n<td valign=\"top\" width=\"661\"><a href=\"http:\/\/tfz.lokomotive-online.com\/?page_id=24\"  >Baden<\/a><br \/>\n<a href=\"http:\/\/tfz.lokomotive-online.com\/?page_id=28\"  >Bayern<\/a><br \/>\n<a href=\"http:\/\/tfz.lokomotive-online.com\/?page_id=50\"  >Elsa\u00df-Lothringen<\/a><br \/>\n<a href=\"http:\/\/tfz.lokomotive-online.com\/?page_id=39\"  >Mecklenburg<\/a><br \/>\n<a href=\"http:\/\/tfz.lokomotive-online.com\/?page_id=42\"  >Oldenburg<\/a><br \/>\n<a href=\"http:\/\/tfz.lokomotive-online.com\/?page_id=46\"  >Pfalz<\/a><br \/>\n<a href=\"http:\/\/tfz.lokomotive-online.com\/?page_id=17\"  >Preu\u00dfen und Hessen<\/a><br \/>\n<a href=\"http:\/\/tfz.lokomotive-online.com\/?page_id=32\"  >Sachsen<\/a><br \/>\n<a href=\"http:\/\/tfz.lokomotive-online.com\/?page_id=35\"  >W\u00fcrttemberg<\/a><\/td>\n<\/tr>\n<tr>\n<td colspan=\"3\" valign=\"top\" width=\"661\">Hier finden sich nur <a href=\"http:\/\/tfz.lokomotive-online.com\/?page_id=15\"  >Lokomotiven, die nicht von der DRG\/DR \u00fcbernommen wurden<\/a>. Die \u00fcbernommenen Loks stehen unter Punkt 2.<\/td>\n<\/tr>\n<\/tbody>\n<\/table>\n<h2 id=\"cc-m-header-6077698480\" class=\"headline cc-m-header-inline-rte\" style=\"min-height: 25.2px;\" contenteditable=\"true\" data-action=\"header\" data-name=\"header\">2. von 1920 &#8211; 1949 bzw. 1951<br \/>\n<img decoding=\"async\" style=\"width: 450px; height: 338px;\" src=\"https:\/\/www.u-bahn-berlin.de\/lok\/bilder\/01_005_2021-09-25_2.jpg\" alt=\"Lok 01 005\" \/><\/h2>\n<p>Lok 01 005 in Sta\u00dffurt, 2021<\/p>\n<table border=\"0\" cellspacing=\"0\" cellpadding=\"3\" align=\"\">\n<tbody>\n<tr>\n<td valign=\"top\" width=\"111\">01.04.1920 &#8211; 30.09.1924<\/td>\n<td align=\"left\" valign=\"top\" width=\"525\"><a href=\"http:\/\/tfz.lokomotive-online.com\/?page_id=54\"  >Reichseisenbahnen<\/a><\/td>\n<td valign=\"top\" width=\"50\">DR<\/td>\n<\/tr>\n<tr>\n<td valign=\"top\" width=\"111\">01.10.1924 &#8211; 31.12.1935<\/td>\n<td align=\"left\" valign=\"top\" width=\"525\"><a href=\"http:\/\/tfz.lokomotive-online.com\/?page_id=54\"  >Deutsche Reichsbahn &#8211; Gesellschaft<\/a><\/td>\n<td valign=\"top\" width=\"50\">DRG<\/td>\n<\/tr>\n<tr>\n<td valign=\"top\" width=\"111\">01.01.1936 &#8211; Mai 1945<\/td>\n<td align=\"left\" valign=\"top\" width=\"525\"><a href=\"http:\/\/tfz.lokomotive-online.com\/?page_id=54\"  >Deutsche Reichsbahn<\/a><\/td>\n<td valign=\"top\" width=\"50\">DR<br \/>\nab 1938 DRB<\/td>\n<\/tr>\n<tr>\n<td valign=\"top\" width=\"111\">Mai 1945 &#8211; 1949\/1951<\/td>\n<td align=\"left\" valign=\"top\" width=\"525\"><a href=\"http:\/\/tfz.lokomotive-online.com\/?page_id=54\"  >Deutsche Reichsbahn bis zu den Gr\u00fcndungen von Bundesbahn und Reichsbahn (DDR)<\/a><\/td>\n<td valign=\"top\" width=\"50\">DR<\/td>\n<\/tr>\n<tr>\n<td><\/td>\n<td>Hier sind alle Lokomotiven aufgelistet, die zwischen 1920 und 1949\/1951 bei der DRG\/DR im Einsatz waren oder in dieser Zeit in Dienst gestellt wurden, jedoch keine &#8222;Beuteloks&#8220;.<br \/>\nDie anderen Lokomotiven sind unter den L\u00e4nderbahnen (\u00e4ltere) oder unter der DB AG (neuere) gelistet.<br \/>\n&#8211; je mit Lokbest\u00e4nden 1949, zum 01.07.1960 bei der DR;<br \/>\nzum 01.07.1970 bei DB und DR; 31.12.1980 bei der DR<\/td>\n<td><\/td>\n<\/tr>\n<\/tbody>\n<\/table>\n<h2 id=\"cc-m-header-6077699780\" class=\"headline cc-m-header-inline-rte\" style=\"min-height: 25.2px;\" contenteditable=\"true\" data-action=\"header\" data-name=\"header\">3. Nachkriegszeit: 1949\/1951 &#8211; 1993<br \/>\n<img decoding=\"async\" style=\"width: 450px; height: 338px;\" src=\"https:\/\/www.u-bahn-berlin.de\/lok\/bilder\/120_003_2021-10-03.jpg\" alt=\"Lok 120 003\" \/><\/h2>\n<p>Lok 120 003, Bahnpark Augsburg, 2021<\/p>\n<table border=\"0\" cellspacing=\"0\" cellpadding=\"3\" align=\"\">\n<tbody>\n<tr>\n<td valign=\"top\" width=\"111\">13.12.1951 &#8211; 31.12.1993<\/td>\n<td align=\"left\" valign=\"top\" width=\"525\"><a href=\"http:\/\/tfz.lokomotive-online.com\/?page_id=106\"  >Deutsche Bundesbahn<\/a><br \/>\nHier sind alle Lokomotiven aufgelistet, die bei der DB neu oder umgebaut wurden. Loks, die vorher gebaut wurden und bei der DB im Einsatz waren, stehen unter Punkt 2.<br \/>\n&#8211; mit Lokbest\u00e4nden zum 01.07.1970, zum Januar 1989<\/td>\n<td valign=\"top\" width=\"50\">DB<\/td>\n<\/tr>\n<tr>\n<td valign=\"top\" width=\"111\">1949 &#8211; 31.12.1993<\/td>\n<td align=\"left\" valign=\"top\" width=\"525\"><a href=\"http:\/\/tfz.lokomotive-online.com\/?page_id=137\"  >Deutsche Reichsbahn<\/a><br \/>\nHier sind alle Lokomotiven aufgelistet, die bei der DR neu oder umgebaut wurden. Loks, die vorher gebaut wurden und bei der DR im Einsatz waren, stehen unter Punkt 2.<br \/>\n&#8211; mit Lokbest\u00e4nden zum 01.07.1960, 01.07.1970, 31.12.1980, 01.01.1990, 01.01.1993<\/td>\n<td valign=\"top\" width=\"50\">DR<\/td>\n<\/tr>\n<\/tbody>\n<\/table>\n<h2 id=\"cc-m-header-6077704180\" class=\"headline cc-m-header-inline-rte\" style=\"min-height: 25.2px;\" contenteditable=\"true\" data-action=\"header\" data-name=\"header\">4. seit der Bahnreform: ab 1994<\/h2>\n<p><img decoding=\"async\" style=\"height: 316px; width: 450px;\" src=\"https:\/\/www.u-bahn-berlin.de\/lok\/bilder\/445_010_2019-03-12.jpg\" alt=\"445 010\" \/><\/p>\n<p>445 010, Berlin Gesundbrunnen, 2019<\/p>\n<table border=\"0\" cellspacing=\"0\" cellpadding=\"3\" align=\"\">\n<tbody>\n<tr>\n<td colspan=\"3\">Hier sind alle Lokomotiven aufgelistet, die bei der &#8222;DB AG&#8220; bzw. dem Unternehmen &#8222;Die Bahn DB&#8220; im Einsatz sind oder waren.<\/td>\n<\/tr>\n<tr>\n<td valign=\"top\" width=\"110\">ab 01.01.1994<\/td>\n<td align=\"left\" valign=\"top\" width=\"526\"><a href=\"http:\/\/tfz.lokomotive-online.com\/?page_id=160\"  >Deutsche Bahn AG<\/a><br \/>\n&#8211; seit 01.04.2000 Name: &#8222;Die Bahn DB&#8220;<br \/>\n&#8211; mit Lokbest\u00e4nden zum 30.04.1994, 01.07.1998, 01.07.2000, 01.07.2001, 01.07.2006, 01.07.2009, 01.07.2014, 01.07.2015<br \/>\n&#8211; mit den vorgesehenen Museumsloks<\/td>\n<td valign=\"top\" width=\"50\">DB AG<\/td>\n<\/tr>\n<\/tbody>\n<\/table>\n<table border=\"0\" cellspacing=\"0\" cellpadding=\"3\" align=\"\">\n<tbody>\n<tr>\n<td colspan=\"3\">Hier sind alle Triebwagen aufgelistet, die bei der &#8222;DB AG&#8220; bzw. dem Unternehmen &#8222;Die Bahn DB&#8220; im Einsatz sind oder waren.<\/td>\n<\/tr>\n<tr>\n<td valign=\"top\" width=\"110\">ab 01.01.1994<\/td>\n<td align=\"left\" valign=\"top\" width=\"526\"><a href=\"http:\/\/tfz.lokomotive-online.com\/?page_id=204\"  >Elektrische Triebwagen<\/a>; <a href=\"http:\/\/tfz.lokomotive-online.com\/?page_id=238\"  >Diesel-\/Verbrennungsmotor-Triebwagen<\/a><br \/>\n&#8211; seit 01.04.2000 Name: &#8222;Die Bahn DB&#8220;<br \/>\n&#8211; mit Best\u00e4nden zum 30.04.1994, 01.07.1998, 01.07.2001, 01.07.2006, 01.07.2009, 01.07.2015<\/td>\n<td valign=\"top\" width=\"50\">DB AG<\/td>\n<\/tr>\n<\/tbody>\n<\/table>\n<p>&nbsp;<\/p>\n","protected":false},"excerpt":{"rendered":"<p>Lokomotiven deutscher Eisenbahnen Triebzug 9211, ein siebenteiliger ICE 4, in Berlin Gesundbrunnen, 2021 Auf diesen Seiten werden die deutschen Lokomotiven gelistet, die Triebwagen bleiben bis zur DB AG-Zeit mit Absicht aussen vor. Zu den technischen Daten kommen noch, so weit m\u00f6glich, gebaute St\u00fcckzahlen sowie Stationierungsangaben und Best\u00e4nde zu bestimmten Stichtagen dazu. 1. L\u00e4nderbahnen: 1835 &#8211; &hellip; <a href=\"https:\/\/tfz.lokomotive-online.com\/\" class=\"more-link\"><span class=\"screen-reader-text\">Lokomotiven deutscher Eisenbahnen<\/span> weiterlesen <span class=\"meta-nav\">&rarr;<\/span><\/a><\/p>\n","protected":false},"author":1,"featured_media":0,"parent":0,"menu_order":0,"comment_status":"closed","ping_status":"open","template":"","meta":{"_crdt_document":"","footnotes":""},"class_list":["post-8","page","type-page","status-publish","hentry"],"yoast_head":"<!-- This site is optimized with the Yoast SEO plugin v27.4 - https:\/\/yoast.com\/product\/yoast-seo-wordpress\/ -->\n<title>Lokomotiven deutscher Eisenbahnen - Lokomotiven deutscher Eisenbahnen<\/title>\n<meta name=\"robots\" content=\"index, follow, max-snippet:-1, max-image-preview:large, max-video-preview:-1\" \/>\n<link rel=\"canonical\" href=\"http:\/\/tfz.lokomotive-online.com\/\" \/>\n<meta property=\"og:locale\" content=\"de_DE\" \/>\n<meta property=\"og:type\" content=\"article\" \/>\n<meta property=\"og:title\" content=\"Lokomotiven deutscher Eisenbahnen - Lokomotiven deutscher Eisenbahnen\" \/>\n<meta property=\"og:description\" content=\"Lokomotiven deutscher Eisenbahnen Triebzug 9211, ein siebenteiliger ICE 4, in Berlin Gesundbrunnen, 2021 Auf diesen Seiten werden die deutschen Lokomotiven gelistet, die Triebwagen bleiben bis zur DB AG-Zeit mit Absicht aussen vor. Zu den technischen Daten kommen noch, so weit m\u00f6glich, gebaute St\u00fcckzahlen sowie Stationierungsangaben und Best\u00e4nde zu bestimmten Stichtagen dazu. 1. L\u00e4nderbahnen: 1835 &#8211; &hellip; Lokomotiven deutscher Eisenbahnen weiterlesen &rarr;\" \/>\n<meta property=\"og:url\" content=\"http:\/\/tfz.lokomotive-online.com\/\" \/>\n<meta property=\"og:site_name\" content=\"Lokomotiven deutscher Eisenbahnen\" \/>\n<meta property=\"article:modified_time\" content=\"2021-11-07T07:59:11+00:00\" \/>\n<meta property=\"og:image\" content=\"https:\/\/www.u-bahn-berlin.de\/lok\/bilder\/9211_2021-06-28.jpg\" \/>\n<meta name=\"twitter:card\" content=\"summary_large_image\" \/>\n<meta name=\"twitter:label1\" content=\"Gesch\u00e4tzte Lesezeit\" \/>\n\t<meta name=\"twitter:data1\" content=\"3\u00a0Minuten\" \/>\n<script type=\"application\/ld+json\" class=\"yoast-schema-graph\">{\"@context\":\"https:\\\/\\\/schema.org\",\"@graph\":[{\"@type\":\"WebPage\",\"@id\":\"http:\\\/\\\/tfz.lokomotive-online.com\\\/\",\"url\":\"http:\\\/\\\/tfz.lokomotive-online.com\\\/\",\"name\":\"Lokomotiven deutscher Eisenbahnen - Lokomotiven deutscher Eisenbahnen\",\"isPartOf\":{\"@id\":\"http:\\\/\\\/tfz.lokomotive-online.com\\\/#website\"},\"primaryImageOfPage\":{\"@id\":\"http:\\\/\\\/tfz.lokomotive-online.com\\\/#primaryimage\"},\"image\":{\"@id\":\"http:\\\/\\\/tfz.lokomotive-online.com\\\/#primaryimage\"},\"thumbnailUrl\":\"https:\\\/\\\/www.u-bahn-berlin.de\\\/lok\\\/bilder\\\/9211_2021-06-28.jpg\",\"datePublished\":\"2015-04-02T06:10:45+00:00\",\"dateModified\":\"2021-11-07T07:59:11+00:00\",\"breadcrumb\":{\"@id\":\"http:\\\/\\\/tfz.lokomotive-online.com\\\/#breadcrumb\"},\"inLanguage\":\"de\",\"potentialAction\":[{\"@type\":\"ReadAction\",\"target\":[\"http:\\\/\\\/tfz.lokomotive-online.com\\\/\"]}]},{\"@type\":\"ImageObject\",\"inLanguage\":\"de\",\"@id\":\"http:\\\/\\\/tfz.lokomotive-online.com\\\/#primaryimage\",\"url\":\"https:\\\/\\\/www.u-bahn-berlin.de\\\/lok\\\/bilder\\\/9211_2021-06-28.jpg\",\"contentUrl\":\"https:\\\/\\\/www.u-bahn-berlin.de\\\/lok\\\/bilder\\\/9211_2021-06-28.jpg\"},{\"@type\":\"BreadcrumbList\",\"@id\":\"http:\\\/\\\/tfz.lokomotive-online.com\\\/#breadcrumb\",\"itemListElement\":[{\"@type\":\"ListItem\",\"position\":1,\"name\":\"Startseite\",\"item\":\"http:\\\/\\\/tfz.lokomotive-online.com\\\/\"},{\"@type\":\"ListItem\",\"position\":2,\"name\":\"Lokomotiven deutscher Eisenbahnen\"}]},{\"@type\":\"WebSite\",\"@id\":\"http:\\\/\\\/tfz.lokomotive-online.com\\\/#website\",\"url\":\"http:\\\/\\\/tfz.lokomotive-online.com\\\/\",\"name\":\"Lokomotiven deutscher Eisenbahnen\",\"description\":\"\",\"potentialAction\":[{\"@type\":\"SearchAction\",\"target\":{\"@type\":\"EntryPoint\",\"urlTemplate\":\"http:\\\/\\\/tfz.lokomotive-online.com\\\/?s={search_term_string}\"},\"query-input\":{\"@type\":\"PropertyValueSpecification\",\"valueRequired\":true,\"valueName\":\"search_term_string\"}}],\"inLanguage\":\"de\"}]}<\/script>\n<!-- \/ Yoast SEO plugin. -->","yoast_head_json":{"title":"Lokomotiven deutscher Eisenbahnen - Lokomotiven deutscher Eisenbahnen","robots":{"index":"index","follow":"follow","max-snippet":"max-snippet:-1","max-image-preview":"max-image-preview:large","max-video-preview":"max-video-preview:-1"},"canonical":"http:\/\/tfz.lokomotive-online.com\/","og_locale":"de_DE","og_type":"article","og_title":"Lokomotiven deutscher Eisenbahnen - Lokomotiven deutscher Eisenbahnen","og_description":"Lokomotiven deutscher Eisenbahnen Triebzug 9211, ein siebenteiliger ICE 4, in Berlin Gesundbrunnen, 2021 Auf diesen Seiten werden die deutschen Lokomotiven gelistet, die Triebwagen bleiben bis zur DB AG-Zeit mit Absicht aussen vor. Zu den technischen Daten kommen noch, so weit m\u00f6glich, gebaute St\u00fcckzahlen sowie Stationierungsangaben und Best\u00e4nde zu bestimmten Stichtagen dazu. 1. L\u00e4nderbahnen: 1835 &#8211; &hellip; Lokomotiven deutscher Eisenbahnen weiterlesen &rarr;","og_url":"http:\/\/tfz.lokomotive-online.com\/","og_site_name":"Lokomotiven deutscher Eisenbahnen","article_modified_time":"2021-11-07T07:59:11+00:00","og_image":[{"url":"https:\/\/www.u-bahn-berlin.de\/lok\/bilder\/9211_2021-06-28.jpg","type":"","width":"","height":""}],"twitter_card":"summary_large_image","twitter_misc":{"Gesch\u00e4tzte Lesezeit":"3\u00a0Minuten"},"schema":{"@context":"https:\/\/schema.org","@graph":[{"@type":"WebPage","@id":"http:\/\/tfz.lokomotive-online.com\/","url":"http:\/\/tfz.lokomotive-online.com\/","name":"Lokomotiven deutscher Eisenbahnen - Lokomotiven deutscher Eisenbahnen","isPartOf":{"@id":"http:\/\/tfz.lokomotive-online.com\/#website"},"primaryImageOfPage":{"@id":"http:\/\/tfz.lokomotive-online.com\/#primaryimage"},"image":{"@id":"http:\/\/tfz.lokomotive-online.com\/#primaryimage"},"thumbnailUrl":"https:\/\/www.u-bahn-berlin.de\/lok\/bilder\/9211_2021-06-28.jpg","datePublished":"2015-04-02T06:10:45+00:00","dateModified":"2021-11-07T07:59:11+00:00","breadcrumb":{"@id":"http:\/\/tfz.lokomotive-online.com\/#breadcrumb"},"inLanguage":"de","potentialAction":[{"@type":"ReadAction","target":["http:\/\/tfz.lokomotive-online.com\/"]}]},{"@type":"ImageObject","inLanguage":"de","@id":"http:\/\/tfz.lokomotive-online.com\/#primaryimage","url":"https:\/\/www.u-bahn-berlin.de\/lok\/bilder\/9211_2021-06-28.jpg","contentUrl":"https:\/\/www.u-bahn-berlin.de\/lok\/bilder\/9211_2021-06-28.jpg"},{"@type":"BreadcrumbList","@id":"http:\/\/tfz.lokomotive-online.com\/#breadcrumb","itemListElement":[{"@type":"ListItem","position":1,"name":"Startseite","item":"http:\/\/tfz.lokomotive-online.com\/"},{"@type":"ListItem","position":2,"name":"Lokomotiven deutscher Eisenbahnen"}]},{"@type":"WebSite","@id":"http:\/\/tfz.lokomotive-online.com\/#website","url":"http:\/\/tfz.lokomotive-online.com\/","name":"Lokomotiven deutscher Eisenbahnen","description":"","potentialAction":[{"@type":"SearchAction","target":{"@type":"EntryPoint","urlTemplate":"http:\/\/tfz.lokomotive-online.com\/?s={search_term_string}"},"query-input":{"@type":"PropertyValueSpecification","valueRequired":true,"valueName":"search_term_string"}}],"inLanguage":"de"}]}},"_links":{"self":[{"href":"https:\/\/tfz.lokomotive-online.com\/index.php?rest_route=\/wp\/v2\/pages\/8","targetHints":{"allow":["GET"]}}],"collection":[{"href":"https:\/\/tfz.lokomotive-online.com\/index.php?rest_route=\/wp\/v2\/pages"}],"about":[{"href":"https:\/\/tfz.lokomotive-online.com\/index.php?rest_route=\/wp\/v2\/types\/page"}],"author":[{"embeddable":true,"href":"https:\/\/tfz.lokomotive-online.com\/index.php?rest_route=\/wp\/v2\/users\/1"}],"replies":[{"embeddable":true,"href":"https:\/\/tfz.lokomotive-online.com\/index.php?rest_route=%2Fwp%2Fv2%2Fcomments&post=8"}],"version-history":[{"count":6,"href":"https:\/\/tfz.lokomotive-online.com\/index.php?rest_route=\/wp\/v2\/pages\/8\/revisions"}],"predecessor-version":[{"id":2069,"href":"https:\/\/tfz.lokomotive-online.com\/index.php?rest_route=\/wp\/v2\/pages\/8\/revisions\/2069"}],"wp:attachment":[{"href":"https:\/\/tfz.lokomotive-online.com\/index.php?rest_route=%2Fwp%2Fv2%2Fmedia&parent=8"}],"curies":[{"name":"wp","href":"https:\/\/api.w.org\/{rel}","templated":true}]}}