{"id":106,"date":"2015-04-20T14:34:40","date_gmt":"2015-04-20T14:34:40","guid":{"rendered":"http:\/\/tfz.lokomotive-online.com\/?page_id=106"},"modified":"2021-11-07T09:06:10","modified_gmt":"2021-11-07T08:06:10","slug":"lokomotiven-der-deutschen-bundesbahn","status":"publish","type":"page","link":"https:\/\/tfz.lokomotive-online.com\/?page_id=106","title":{"rendered":"Lokomotiven der Deutschen Bundesbahn"},"content":{"rendered":"<div class=\"shariff\" data-twitter-via=\"#Loks\" data-title=\"Lokomotiven der Deutschen Bundesbahn\" data-info-url=\"http:\/\/ct.de\/-2467514\" data-backend-url=\"https:\/\/tfz.lokomotive-online.com\/wp-content\/plugins\/shariff-sharing\/backend\/index.php\" data-temp=\"\/tmp\" data-ttl=\"60\" data-service=\"gftlx\" data-services='[\"googleplus\",\"facebook\",\"twitter\",\"linkedin\",\"xing\",\"mail\",\"info\"]' data-image=\"https:\/\/www.u-bahn-berlin.de\/lok\/bilder\/151_001_2021-10-03_2.jpg\" data-url=\"https:\/\/tfz.lokomotive-online.com\/?page_id=106\" data-lang=\"de\" data-theme=\"round\" data-orientation=\"horizontal\"><\/div><h1>Lokomotiven der Deutschen Bundesbahn<\/h1>\n<p><img decoding=\"async\" style=\"width: 450px; height: 338px;\" src=\"https:\/\/www.u-bahn-berlin.de\/lok\/bilder\/151_001_2021-10-03_2.jpg\" alt=\"Elok 151 001\" \/><\/p>\n<p>Elok 151 001 in N\u00f6rdlingen, 2021<\/p>\n<p>Hier sind alle Lokomotiven aufgelistet, die bei der DB neu oder umgebaut wurden.<br \/>\nDie anderen Lokomotiven (\u00e4ltere) sind unter den L\u00e4nderbahnen oder der DRG gelistet.<br \/>\n&#8211; mit Lokbest\u00e4nden zum 01.07.1970, zum Januar 1989<\/p>\n<h2>Dampflokomotiven der DB<\/h2>\n<table border=\"0\" cellspacing=\"0\" cellpadding=\"3\" align=\"\">\n<tbody>\n<tr>\n<th align=\"left\" valign=\"top\" width=\"146\">Baureihen (Classes)<\/th>\n<th align=\"left\" valign=\"top\" width=\"28\">Typ<\/th>\n<th align=\"left\" valign=\"top\" width=\"225\">Name<\/th>\n<\/tr>\n<tr>\n<td valign=\"top\" width=\"146\"><a href=\"http:\/\/tfz.lokomotive-online.com\/?page_id=109\"  >001 bis 099<\/a><\/td>\n<td valign=\"top\" width=\"28\"><\/td>\n<td valign=\"top\" width=\"225\">Schnellzuglokomotiven, Personenzuglokomotiven, G\u00fcterzuglokomotiven, Zahnradlokomotiven, Lokalbahnlokomotiven, Schmalspurlokomotiven<\/td>\n<\/tr>\n<\/tbody>\n<\/table>\n<h2>Elektrische Lokomotiven der DB<\/h2>\n<table border=\"0\" cellspacing=\"0\" cellpadding=\"3\" align=\"\">\n<tbody>\n<tr>\n<td valign=\"top\" width=\"146\"><a href=\"http:\/\/tfz.lokomotive-online.com\/?page_id=119\"  >100 bis 199<\/a><\/td>\n<td valign=\"top\" width=\"26\">E<\/td>\n<td valign=\"top\" width=\"227\">Elektrolokomotiven<\/td>\n<\/tr>\n<\/tbody>\n<\/table>\n<h2>Diesellokomotiven der DB<\/h2>\n<table border=\"0\" cellspacing=\"0\" cellpadding=\"3\" align=\"\">\n<tbody>\n<tr>\n<td valign=\"top\" width=\"146\"><a href=\"http:\/\/tfz.lokomotive-online.com\/?page_id=123\"  >200 bis 299<\/a><\/td>\n<td valign=\"top\" width=\"26\">V<\/td>\n<td valign=\"top\" width=\"227\">Diesellokomotiven<\/td>\n<\/tr>\n<tr>\n<td valign=\"top\" width=\"146\"><a href=\"http:\/\/tfz.lokomotive-online.com\/?page_id=125\"  >300 bis 399<\/a><\/td>\n<td valign=\"top\" width=\"26\">V<\/td>\n<td valign=\"top\" width=\"227\">Diesellokomotiven<\/td>\n<\/tr>\n<\/tbody>\n<\/table>\n","protected":false},"excerpt":{"rendered":"<p>Lokomotiven der Deutschen Bundesbahn Elok 151 001 in N\u00f6rdlingen, 2021 Hier sind alle Lokomotiven aufgelistet, die bei der DB neu oder umgebaut wurden. Die anderen Lokomotiven (\u00e4ltere) sind unter den L\u00e4nderbahnen oder der DRG gelistet. &#8211; mit Lokbest\u00e4nden zum 01.07.1970, zum Januar 1989 Dampflokomotiven der DB Baureihen (Classes) Typ Name 001 bis 099 Schnellzuglokomotiven, Personenzuglokomotiven, &hellip; <a href=\"https:\/\/tfz.lokomotive-online.com\/?page_id=106\" class=\"more-link\"><span class=\"screen-reader-text\">Lokomotiven der Deutschen Bundesbahn<\/span> weiterlesen <span class=\"meta-nav\">&rarr;<\/span><\/a><\/p>\n","protected":false},"author":1,"featured_media":0,"parent":8,"menu_order":0,"comment_status":"closed","ping_status":"open","template":"","meta":{"_crdt_document":"","footnotes":""},"class_list":["post-106","page","type-page","status-publish","hentry"],"yoast_head":"<!-- This site is optimized with the Yoast SEO plugin v27.4 - https:\/\/yoast.com\/product\/yoast-seo-wordpress\/ -->\n<title>Lokomotiven der Deutschen Bundesbahn - Lokomotiven deutscher Eisenbahnen<\/title>\n<meta name=\"robots\" content=\"index, follow, max-snippet:-1, max-image-preview:large, max-video-preview:-1\" \/>\n<link rel=\"canonical\" href=\"http:\/\/tfz.lokomotive-online.com\/?page_id=106\" \/>\n<meta property=\"og:locale\" content=\"de_DE\" \/>\n<meta property=\"og:type\" content=\"article\" \/>\n<meta property=\"og:title\" content=\"Lokomotiven der Deutschen Bundesbahn - Lokomotiven deutscher Eisenbahnen\" \/>\n<meta property=\"og:description\" content=\"Lokomotiven der Deutschen Bundesbahn Elok 151 001 in N\u00f6rdlingen, 2021 Hier sind alle Lokomotiven aufgelistet, die bei der DB neu oder umgebaut wurden. Die anderen Lokomotiven (\u00e4ltere) sind unter den L\u00e4nderbahnen oder der DRG gelistet. &#8211; mit Lokbest\u00e4nden zum 01.07.1970, zum Januar 1989 Dampflokomotiven der DB Baureihen (Classes) Typ Name 001 bis 099 Schnellzuglokomotiven, Personenzuglokomotiven, &hellip; Lokomotiven der Deutschen Bundesbahn weiterlesen &rarr;\" \/>\n<meta property=\"og:url\" content=\"http:\/\/tfz.lokomotive-online.com\/?page_id=106\" \/>\n<meta property=\"og:site_name\" content=\"Lokomotiven deutscher Eisenbahnen\" \/>\n<meta property=\"article:modified_time\" content=\"2021-11-07T08:06:10+00:00\" \/>\n<meta property=\"og:image\" content=\"https:\/\/www.u-bahn-berlin.de\/lok\/bilder\/151_001_2021-10-03_2.jpg\" \/>\n<meta name=\"twitter:card\" content=\"summary_large_image\" \/>\n<meta name=\"twitter:label1\" content=\"Gesch\u00e4tzte Lesezeit\" \/>\n\t<meta name=\"twitter:data1\" content=\"1\u00a0Minute\" \/>\n<script type=\"application\/ld+json\" class=\"yoast-schema-graph\">{\"@context\":\"https:\\\/\\\/schema.org\",\"@graph\":[{\"@type\":\"WebPage\",\"@id\":\"http:\\\/\\\/tfz.lokomotive-online.com\\\/?page_id=106\",\"url\":\"http:\\\/\\\/tfz.lokomotive-online.com\\\/?page_id=106\",\"name\":\"Lokomotiven der Deutschen Bundesbahn - Lokomotiven deutscher Eisenbahnen\",\"isPartOf\":{\"@id\":\"http:\\\/\\\/tfz.lokomotive-online.com\\\/#website\"},\"primaryImageOfPage\":{\"@id\":\"http:\\\/\\\/tfz.lokomotive-online.com\\\/?page_id=106#primaryimage\"},\"image\":{\"@id\":\"http:\\\/\\\/tfz.lokomotive-online.com\\\/?page_id=106#primaryimage\"},\"thumbnailUrl\":\"https:\\\/\\\/www.u-bahn-berlin.de\\\/lok\\\/bilder\\\/151_001_2021-10-03_2.jpg\",\"datePublished\":\"2015-04-20T14:34:40+00:00\",\"dateModified\":\"2021-11-07T08:06:10+00:00\",\"breadcrumb\":{\"@id\":\"http:\\\/\\\/tfz.lokomotive-online.com\\\/?page_id=106#breadcrumb\"},\"inLanguage\":\"de\",\"potentialAction\":[{\"@type\":\"ReadAction\",\"target\":[\"http:\\\/\\\/tfz.lokomotive-online.com\\\/?page_id=106\"]}]},{\"@type\":\"ImageObject\",\"inLanguage\":\"de\",\"@id\":\"http:\\\/\\\/tfz.lokomotive-online.com\\\/?page_id=106#primaryimage\",\"url\":\"https:\\\/\\\/www.u-bahn-berlin.de\\\/lok\\\/bilder\\\/151_001_2021-10-03_2.jpg\",\"contentUrl\":\"https:\\\/\\\/www.u-bahn-berlin.de\\\/lok\\\/bilder\\\/151_001_2021-10-03_2.jpg\"},{\"@type\":\"BreadcrumbList\",\"@id\":\"http:\\\/\\\/tfz.lokomotive-online.com\\\/?page_id=106#breadcrumb\",\"itemListElement\":[{\"@type\":\"ListItem\",\"position\":1,\"name\":\"Startseite\",\"item\":\"http:\\\/\\\/tfz.lokomotive-online.com\\\/\"},{\"@type\":\"ListItem\",\"position\":2,\"name\":\"Lokomotiven deutscher Eisenbahnen\",\"item\":\"http:\\\/\\\/tfz.lokomotive-online.com\\\/\"},{\"@type\":\"ListItem\",\"position\":3,\"name\":\"Lokomotiven der Deutschen Bundesbahn\"}]},{\"@type\":\"WebSite\",\"@id\":\"http:\\\/\\\/tfz.lokomotive-online.com\\\/#website\",\"url\":\"http:\\\/\\\/tfz.lokomotive-online.com\\\/\",\"name\":\"Lokomotiven deutscher Eisenbahnen\",\"description\":\"\",\"potentialAction\":[{\"@type\":\"SearchAction\",\"target\":{\"@type\":\"EntryPoint\",\"urlTemplate\":\"http:\\\/\\\/tfz.lokomotive-online.com\\\/?s={search_term_string}\"},\"query-input\":{\"@type\":\"PropertyValueSpecification\",\"valueRequired\":true,\"valueName\":\"search_term_string\"}}],\"inLanguage\":\"de\"}]}<\/script>\n<!-- \/ Yoast SEO plugin. -->","yoast_head_json":{"title":"Lokomotiven der Deutschen Bundesbahn - Lokomotiven deutscher Eisenbahnen","robots":{"index":"index","follow":"follow","max-snippet":"max-snippet:-1","max-image-preview":"max-image-preview:large","max-video-preview":"max-video-preview:-1"},"canonical":"http:\/\/tfz.lokomotive-online.com\/?page_id=106","og_locale":"de_DE","og_type":"article","og_title":"Lokomotiven der Deutschen Bundesbahn - Lokomotiven deutscher Eisenbahnen","og_description":"Lokomotiven der Deutschen Bundesbahn Elok 151 001 in N\u00f6rdlingen, 2021 Hier sind alle Lokomotiven aufgelistet, die bei der DB neu oder umgebaut wurden. Die anderen Lokomotiven (\u00e4ltere) sind unter den L\u00e4nderbahnen oder der DRG gelistet. &#8211; mit Lokbest\u00e4nden zum 01.07.1970, zum Januar 1989 Dampflokomotiven der DB Baureihen (Classes) Typ Name 001 bis 099 Schnellzuglokomotiven, Personenzuglokomotiven, &hellip; Lokomotiven der Deutschen Bundesbahn weiterlesen &rarr;","og_url":"http:\/\/tfz.lokomotive-online.com\/?page_id=106","og_site_name":"Lokomotiven deutscher Eisenbahnen","article_modified_time":"2021-11-07T08:06:10+00:00","og_image":[{"url":"https:\/\/www.u-bahn-berlin.de\/lok\/bilder\/151_001_2021-10-03_2.jpg","type":"","width":"","height":""}],"twitter_card":"summary_large_image","twitter_misc":{"Gesch\u00e4tzte Lesezeit":"1\u00a0Minute"},"schema":{"@context":"https:\/\/schema.org","@graph":[{"@type":"WebPage","@id":"http:\/\/tfz.lokomotive-online.com\/?page_id=106","url":"http:\/\/tfz.lokomotive-online.com\/?page_id=106","name":"Lokomotiven der Deutschen Bundesbahn - Lokomotiven deutscher Eisenbahnen","isPartOf":{"@id":"http:\/\/tfz.lokomotive-online.com\/#website"},"primaryImageOfPage":{"@id":"http:\/\/tfz.lokomotive-online.com\/?page_id=106#primaryimage"},"image":{"@id":"http:\/\/tfz.lokomotive-online.com\/?page_id=106#primaryimage"},"thumbnailUrl":"https:\/\/www.u-bahn-berlin.de\/lok\/bilder\/151_001_2021-10-03_2.jpg","datePublished":"2015-04-20T14:34:40+00:00","dateModified":"2021-11-07T08:06:10+00:00","breadcrumb":{"@id":"http:\/\/tfz.lokomotive-online.com\/?page_id=106#breadcrumb"},"inLanguage":"de","potentialAction":[{"@type":"ReadAction","target":["http:\/\/tfz.lokomotive-online.com\/?page_id=106"]}]},{"@type":"ImageObject","inLanguage":"de","@id":"http:\/\/tfz.lokomotive-online.com\/?page_id=106#primaryimage","url":"https:\/\/www.u-bahn-berlin.de\/lok\/bilder\/151_001_2021-10-03_2.jpg","contentUrl":"https:\/\/www.u-bahn-berlin.de\/lok\/bilder\/151_001_2021-10-03_2.jpg"},{"@type":"BreadcrumbList","@id":"http:\/\/tfz.lokomotive-online.com\/?page_id=106#breadcrumb","itemListElement":[{"@type":"ListItem","position":1,"name":"Startseite","item":"http:\/\/tfz.lokomotive-online.com\/"},{"@type":"ListItem","position":2,"name":"Lokomotiven deutscher Eisenbahnen","item":"http:\/\/tfz.lokomotive-online.com\/"},{"@type":"ListItem","position":3,"name":"Lokomotiven der Deutschen Bundesbahn"}]},{"@type":"WebSite","@id":"http:\/\/tfz.lokomotive-online.com\/#website","url":"http:\/\/tfz.lokomotive-online.com\/","name":"Lokomotiven deutscher Eisenbahnen","description":"","potentialAction":[{"@type":"SearchAction","target":{"@type":"EntryPoint","urlTemplate":"http:\/\/tfz.lokomotive-online.com\/?s={search_term_string}"},"query-input":{"@type":"PropertyValueSpecification","valueRequired":true,"valueName":"search_term_string"}}],"inLanguage":"de"}]}},"_links":{"self":[{"href":"https:\/\/tfz.lokomotive-online.com\/index.php?rest_route=\/wp\/v2\/pages\/106","targetHints":{"allow":["GET"]}}],"collection":[{"href":"https:\/\/tfz.lokomotive-online.com\/index.php?rest_route=\/wp\/v2\/pages"}],"about":[{"href":"https:\/\/tfz.lokomotive-online.com\/index.php?rest_route=\/wp\/v2\/types\/page"}],"author":[{"embeddable":true,"href":"https:\/\/tfz.lokomotive-online.com\/index.php?rest_route=\/wp\/v2\/users\/1"}],"replies":[{"embeddable":true,"href":"https:\/\/tfz.lokomotive-online.com\/index.php?rest_route=%2Fwp%2Fv2%2Fcomments&post=106"}],"version-history":[{"count":2,"href":"https:\/\/tfz.lokomotive-online.com\/index.php?rest_route=\/wp\/v2\/pages\/106\/revisions"}],"predecessor-version":[{"id":2073,"href":"https:\/\/tfz.lokomotive-online.com\/index.php?rest_route=\/wp\/v2\/pages\/106\/revisions\/2073"}],"up":[{"embeddable":true,"href":"https:\/\/tfz.lokomotive-online.com\/index.php?rest_route=\/wp\/v2\/pages\/8"}],"wp:attachment":[{"href":"https:\/\/tfz.lokomotive-online.com\/index.php?rest_route=%2Fwp%2Fv2%2Fmedia&parent=106"}],"curies":[{"name":"wp","href":"https:\/\/api.w.org\/{rel}","templated":true}]}}