{"id":24,"date":"2015-04-02T07:17:46","date_gmt":"2015-04-02T07:17:46","guid":{"rendered":"http:\/\/tfz.lokomotive-online.com\/?page_id=24"},"modified":"2022-09-05T12:09:20","modified_gmt":"2022-09-05T10:09:20","slug":"lokomotiven-aus-baden","status":"publish","type":"page","link":"http:\/\/tfz.lokomotive-online.com\/?page_id=24","title":{"rendered":"Lokomotiven aus Baden"},"content":{"rendered":"<div class=\"shariff\" data-twitter-via=\"#Loks\" data-title=\"Lokomotiven aus Baden\" data-info-url=\"http:\/\/ct.de\/-2467514\" data-backend-url=\"http:\/\/tfz.lokomotive-online.com\/wp-content\/plugins\/shariff-sharing\/backend\/index.php\" data-temp=\"\/tmp\" data-ttl=\"60\" data-service=\"gftlx\" data-services='[\"googleplus\",\"facebook\",\"twitter\",\"linkedin\",\"xing\",\"mail\",\"info\"]' data-image=\"https:\/\/upload.wikimedia.org\/wikipedia\/commons\/3\/38\/Heidelberg_Station_1840.jpg\" data-url=\"http:\/\/tfz.lokomotive-online.com\/?page_id=24\" data-lang=\"de\" data-theme=\"round\" data-orientation=\"horizontal\"><\/div><h1>Lokomotiven aus Baden<\/h1>\n<p><img decoding=\"async\" style=\"width: 451px; height: 293px;\" src=\"https:\/\/upload.wikimedia.org\/wikipedia\/commons\/3\/38\/Heidelberg_Station_1840.jpg\" alt=\"Ausfahrt eines Zuges aus dem Heidelberger Bahnhof, 1840\" \/><br \/>\nAusfahrt eines Zuges aus dem Heidelberger Bahnhof, 1840<br \/>\nQuelle: Wikipedia unter: https:\/\/de.wikipedia.org\/wiki\/Gro%C3%9Fherzoglich_Badische_Staatseisenbahnen<br \/>\nHier finden sich nur Lokomotiven, die nicht von der DRG\/DR \u00fcbernommen wurden.<br \/>\nMehr zu den <a href=\"https:\/\/de.wikipedia.org\/wiki\/Gro%C3%9Fherzoglich_Badische_Staatseisenbahnen\"  target=\"_blank\"  target=\"_blank\" rel=\"noopener\"  class=\"wp-links-icon\">Gro\u00dfherzoglich Badische Staatseisenbahnen bei Wikipedia<\/a><\/p>\n<p>&#8211; <strong><span style=\"color: #008000;\">Foto<\/span>: <a href=\"https:\/\/www.u-bahn-berlin.de\/lok\/bilder\/phoenix_2020-09-16.jpg\"  >Lok PHOENIX<\/a><\/strong> in N\u00fcrnberg, DB Museum, 2020;<br \/>\nMuseumslok <strong>PHOENIX<\/strong> des DB Museums, Standort N\u00fcrnberg;<\/p>\n<table border=\"0\" cellspacing=\"0\" cellpadding=\"3\" align=\"\">\n<tbody>\n<tr>\n<th align=\"left\" valign=\"top\">Bau-<br \/>\nreihe<\/th>\n<th align=\"left\" valign=\"top\">Bauart\/Klasse<\/th>\n<th align=\"left\" valign=\"top\">Typ<\/th>\n<th align=\"left\" valign=\"top\">Vmax<\/th>\n<th align=\"left\" valign=\"top\">Treib-<br \/>\nrad-d<br \/>\nin mm<\/th>\n<th align=\"left\" valign=\"top\">erstes Baujahr\/<br \/>\nSt\u00fcckzahl<\/th>\n<\/tr>\n<tr>\n<td valign=\"top\">Ia<\/td>\n<td valign=\"top\">Badische Staatsbahn<\/td>\n<td valign=\"top\">1A1n2<br \/>\nPersonenzug-<br \/>\nschlepptenderlok<br \/>\n1600mm Spurweite<\/td>\n<td valign=\"top\">.<\/td>\n<td valign=\"top\">1680<\/td>\n<td valign=\"top\">ab 1839<br \/>\n6<\/td>\n<\/tr>\n<tr>\n<td valign=\"top\">Ib<\/td>\n<td valign=\"top\">Badische Staatsbahn<\/td>\n<td valign=\"top\">1A1n2<br \/>\nPersonenzug-<br \/>\nschlepptenderlok<br \/>\n1600mm Spurweite<\/td>\n<td valign=\"top\">.<\/td>\n<td valign=\"top\">1680<\/td>\n<td valign=\"top\">ab 1842<br \/>\n9<\/td>\n<\/tr>\n<tr>\n<td valign=\"top\">II<\/td>\n<td valign=\"top\">Badische Staatsbahn<\/td>\n<td valign=\"top\">1A1n2<br \/>\nPersonenzug-<br \/>\nschlepptenderlok<br \/>\n1600mm Spurweite<\/td>\n<td valign=\"top\">.<\/td>\n<td valign=\"top\">1730<\/td>\n<td valign=\"top\">1843<\/td>\n<\/tr>\n<tr>\n<td valign=\"top\">IIIa<\/td>\n<td valign=\"top\">Badische Staatsbahn<\/td>\n<td valign=\"top\">1A1n2<br \/>\nPersonenzug-<br \/>\nschlepptenderlok<br \/>\n1600mm Spurweite<\/td>\n<td valign=\"top\">.<\/td>\n<td valign=\"top\">1830<\/td>\n<td valign=\"top\">1844<\/td>\n<\/tr>\n<tr>\n<td valign=\"top\">IV<\/td>\n<td valign=\"top\">Badische Staatsbahn<\/td>\n<td valign=\"top\">1A1n2<br \/>\nPersonenzug-<br \/>\nschlepptenderlok<br \/>\n1600mm Spurweite<\/td>\n<td valign=\"top\">.<\/td>\n<td valign=\"top\">1830<\/td>\n<td valign=\"top\">ab 1845<br \/>\n5<\/td>\n<\/tr>\n<tr>\n<td valign=\"top\">V<\/td>\n<td valign=\"top\">Badische Staatsbahn<\/td>\n<td valign=\"top\">1Bn2<br \/>\nG\u00fcterzug-<br \/>\nschlepptenderlok<br \/>\n1600mm Spurweite<\/td>\n<td valign=\"top\">.<\/td>\n<td valign=\"top\">1524<\/td>\n<td valign=\"top\">1845<\/td>\n<\/tr>\n<tr>\n<td valign=\"top\">VI<\/td>\n<td valign=\"top\">Badische Staatsbahn<\/td>\n<td valign=\"top\">Cn2<br \/>\nG\u00fcterzug-<br \/>\nschlepptenderlok<br \/>\n1600mm Spurweite<\/td>\n<td valign=\"top\">.<\/td>\n<td valign=\"top\">1220<\/td>\n<td valign=\"top\">1845<\/td>\n<\/tr>\n<tr>\n<td valign=\"top\">VII<\/td>\n<td valign=\"top\">Badische Staatsbahn<\/td>\n<td valign=\"top\">2\u00b4Bn2<br \/>\nPersonenzug-<br \/>\nschlepptenderlok<br \/>\n1600mm Spurweite<\/td>\n<td valign=\"top\">.<\/td>\n<td valign=\"top\">1410<\/td>\n<td valign=\"top\">1845<\/td>\n<\/tr>\n<tr>\n<td valign=\"top\">VIII<\/td>\n<td valign=\"top\">Badische Staatsbahn<\/td>\n<td valign=\"top\">1A1n2<br \/>\nPersonenzug-<br \/>\nschlepptenderlok<br \/>\n1600mm Spurweite<\/td>\n<td valign=\"top\">.<\/td>\n<td valign=\"top\">1830<\/td>\n<td valign=\"top\">1847<\/td>\n<\/tr>\n<tr>\n<td valign=\"top\">Ia<\/td>\n<td valign=\"top\">Badische Staatsbahn<\/td>\n<td valign=\"top\">Bn2<br \/>\nLokalbahnlok<br \/>\nNormalspur<\/td>\n<td valign=\"top\">45km\/h<\/td>\n<td valign=\"top\">1230<\/td>\n<td valign=\"top\">1866: 2<\/td>\n<\/tr>\n<tr>\n<td valign=\"top\">Ic<\/td>\n<td valign=\"top\">Badische Staatsbahn<\/td>\n<td valign=\"top\">1Bn2<br \/>\nPersonenzug-<br \/>\ntenderlok<br \/>\nNormalspur<\/td>\n<td valign=\"top\">60km\/h<\/td>\n<td valign=\"top\">1235<\/td>\n<td valign=\"top\">1880: 3<\/td>\n<\/tr>\n<tr>\n<td valign=\"top\">Id<\/td>\n<td valign=\"top\">Badische Staatsbahn<\/td>\n<td valign=\"top\">1An2<br \/>\nPersonenzug-<br \/>\ntenderlok<br \/>\nNormalspur<\/td>\n<td valign=\"top\">60km\/h<\/td>\n<td valign=\"top\">1235<\/td>\n<td valign=\"top\">1882<\/td>\n<\/tr>\n<tr>\n<td valign=\"top\">If<\/td>\n<td valign=\"top\">Badische Staatsbahn<\/td>\n<td valign=\"top\">Bn2<br \/>\nG\u00fcterzug-<br \/>\ntenderlok<br \/>\nNormalspur<\/td>\n<td valign=\"top\">40km\/h<\/td>\n<td valign=\"top\">1080<\/td>\n<td valign=\"top\">1899: 1<\/td>\n<\/tr>\n<tr>\n<td valign=\"top\">IIa<\/td>\n<td valign=\"top\">Badische Staatsbahn<\/td>\n<td valign=\"top\">2An2<br \/>\nSchnellzug-<br \/>\nschlepptenderlok<br \/>\nNormalspur<\/td>\n<td valign=\"top\">75km\/h<\/td>\n<td valign=\"top\">2134<\/td>\n<td valign=\"top\">1854<\/td>\n<\/tr>\n<tr>\n<td valign=\"top\">IIa<\/td>\n<td valign=\"top\">Badische Staatsbahn<\/td>\n<td valign=\"top\">2An2<br \/>\nSchnellzug-<br \/>\nschlepptenderlok<br \/>\nNormalspur<\/td>\n<td valign=\"top\">75km\/h<\/td>\n<td valign=\"top\">1890<\/td>\n<td valign=\"top\">1856: 3<\/td>\n<\/tr>\n<tr>\n<td valign=\"top\">IIa<\/td>\n<td valign=\"top\">Badische Staatsbahn<\/td>\n<td valign=\"top\">2An2<br \/>\nSchnellzug-<br \/>\nschlepptenderlok<br \/>\nNormalspur<\/td>\n<td valign=\"top\">90km\/h<\/td>\n<td valign=\"top\">1860<\/td>\n<td valign=\"top\">ab 1888<br \/>\n24<\/td>\n<\/tr>\n<tr>\n<td valign=\"top\">IIb<\/td>\n<td valign=\"top\">Badische Staatsbahn<\/td>\n<td valign=\"top\">2\u00b4Bn2<br \/>\nSchnellzug-<br \/>\nschlepptenderlok<br \/>\nNormalspur<\/td>\n<td valign=\"top\">90km\/h<\/td>\n<td valign=\"top\">1860<\/td>\n<td valign=\"top\">ab 1891<br \/>\n10<\/td>\n<\/tr>\n<tr>\n<td valign=\"top\">III<\/td>\n<td valign=\"top\">Badische Staatsbahn<\/td>\n<td valign=\"top\">2\u00b4Bn2<br \/>\nPersonenzug-<br \/>\nschlepptenderlok<br \/>\nNormalspur<\/td>\n<td valign=\"top\">60km\/h<\/td>\n<td valign=\"top\">1830<\/td>\n<td valign=\"top\">ab 1861<br \/>\n90<\/td>\n<\/tr>\n<tr>\n<td valign=\"top\">IVa<\/td>\n<td valign=\"top\">Badische Staatsbahn<\/td>\n<td valign=\"top\">Bn2<br \/>\nPersonenzug-<br \/>\nschlepptenderlok<br \/>\nNormalspur<\/td>\n<td valign=\"top\">60km\/h<\/td>\n<td valign=\"top\">1675<\/td>\n<td valign=\"top\">ab 1866<br \/>\n24<\/td>\n<\/tr>\n<tr>\n<td valign=\"top\">IVb<\/td>\n<td valign=\"top\">Badische Staatsbahn<\/td>\n<td valign=\"top\">1Bn2<br \/>\nPersonenzug-<br \/>\nschlepptenderlok<br \/>\nNormalspur<\/td>\n<td valign=\"top\">60km\/h<\/td>\n<td valign=\"top\">1675<\/td>\n<td valign=\"top\">ab 1873<br \/>\n20<\/td>\n<\/tr>\n<tr>\n<td valign=\"top\">IVc<\/td>\n<td valign=\"top\">Badische Staatsbahn<\/td>\n<td valign=\"top\">1Bn2<br \/>\nPersonenzug-<br \/>\nschlepptenderlok<br \/>\nNormalspur<\/td>\n<td valign=\"top\">70km\/h<\/td>\n<td valign=\"top\">1675<\/td>\n<td valign=\"top\">ab 1875<br \/>\n59<\/td>\n<\/tr>\n<tr>\n<td valign=\"top\">IVd<\/td>\n<td valign=\"top\">Badische Staatsbahn<\/td>\n<td valign=\"top\">1\u00b4B1\u00b4n2<br \/>\nPersonenzug-<br \/>\ntenderlok<br \/>\nNormalspur<\/td>\n<td valign=\"top\">80km\/h<\/td>\n<td valign=\"top\">1716<\/td>\n<td valign=\"top\">1891<\/td>\n<\/tr>\n<tr>\n<td valign=\"top\">IVg<\/td>\n<td valign=\"top\">Badische Staatsbahn<\/td>\n<td valign=\"top\">1\u00b4C1\u00b4t4v<br \/>\nPersonenzug-<br \/>\nschlepptenderlok<br \/>\nNormalspur<\/td>\n<td valign=\"top\">100km\/h<\/td>\n<td valign=\"top\">1700<\/td>\n<td valign=\"top\">ab 1912<br \/>\n5<\/td>\n<\/tr>\n<tr>\n<td valign=\"top\">Va<\/td>\n<td valign=\"top\">Badische Staatsbahn<\/td>\n<td valign=\"top\">1Bn2<br \/>\nG\u00fcterzug-<br \/>\nschlepptenderlok<br \/>\nNormalspur<\/td>\n<td valign=\"top\">40km\/h<\/td>\n<td valign=\"top\">1524<\/td>\n<td valign=\"top\">ab 1860<br \/>\n22<\/td>\n<\/tr>\n<tr>\n<td valign=\"top\">Vb<\/td>\n<td valign=\"top\">Badische Staatsbahn<\/td>\n<td valign=\"top\">1Bn2<br \/>\nG\u00fcterzug-<br \/>\ntenderlok<br \/>\nNormalspur<\/td>\n<td valign=\"top\">70km\/h<\/td>\n<td valign=\"top\">1530<\/td>\n<td valign=\"top\">ab 1877<br \/>\n8<\/td>\n<\/tr>\n<tr>\n<td valign=\"top\">VI<\/td>\n<td valign=\"top\">Badische Staatsbahn<\/td>\n<td valign=\"top\">Cn2<br \/>\nPersonenzug-<br \/>\nschlepptenderlok<br \/>\nNormalspur<\/td>\n<td valign=\"top\">45km\/h<\/td>\n<td valign=\"top\">1524<\/td>\n<td valign=\"top\">ab 1864<br \/>\n30<\/td>\n<\/tr>\n<tr>\n<td valign=\"top\">VIa<\/td>\n<td valign=\"top\">Badische Staatsbahn<\/td>\n<td valign=\"top\">1\u00b4Cn2<br \/>\nPersonenzug-<br \/>\ntenderlok<br \/>\nNormalspur<\/td>\n<td valign=\"top\">70km\/h<\/td>\n<td valign=\"top\">1480<\/td>\n<td valign=\"top\">ab 1900<br \/>\n2<\/td>\n<\/tr>\n<tr>\n<td valign=\"top\">VIIb<\/td>\n<td valign=\"top\">Badische Staatsbahn<\/td>\n<td valign=\"top\">Cn2<br \/>\nG\u00fcterzug-<br \/>\nschlepptenderlok<br \/>\nNormalspur<\/td>\n<td valign=\"top\">45km\/h<\/td>\n<td valign=\"top\">1220<\/td>\n<td valign=\"top\">ab 1855<br \/>\n14<\/td>\n<\/tr>\n<tr>\n<td valign=\"top\">VIId<\/td>\n<td valign=\"top\">Badische Staatsbahn<\/td>\n<td valign=\"top\">Cn2v<br \/>\nG\u00fcterzug-<br \/>\nschlepptenderlok<br \/>\nNormalspur<\/td>\n<td valign=\"top\">45km\/h<\/td>\n<td valign=\"top\">1262<\/td>\n<td valign=\"top\">ab 1893<br \/>\n109<\/td>\n<\/tr>\n<tr>\n<td valign=\"top\">VIIIa<\/td>\n<td valign=\"top\">Badische Staatsbahn<\/td>\n<td valign=\"top\">Dn2<br \/>\nG\u00fcterzug-<br \/>\nschlepptenderlok<br \/>\nNormalspur<\/td>\n<td valign=\"top\">35km\/h<\/td>\n<td valign=\"top\">1242<\/td>\n<td valign=\"top\">ab 1875<br \/>\n12<\/td>\n<\/tr>\n<tr>\n<td valign=\"top\">VIIIb<\/td>\n<td valign=\"top\">Badische Staatsbahn<\/td>\n<td valign=\"top\">Dn2<br \/>\nG\u00fcterzug-<br \/>\nschlepptenderlok<br \/>\nNormalspur<\/td>\n<td valign=\"top\">45km\/h<\/td>\n<td valign=\"top\">1295<\/td>\n<td valign=\"top\">ab 1882<br \/>\n10<\/td>\n<\/tr>\n<tr>\n<td valign=\"top\">VIIId<\/td>\n<td valign=\"top\">Badische Staatsbahn<\/td>\n<td valign=\"top\">Dn2<br \/>\nG\u00fcterzug-<br \/>\ntenderlok<br \/>\nNormalspur<\/td>\n<td valign=\"top\">45km\/h<\/td>\n<td valign=\"top\">1120<\/td>\n<td valign=\"top\">ab 1900<br \/>\n2<\/td>\n<\/tr>\n<tr>\n<td valign=\"top\">X<\/td>\n<td valign=\"top\">Badische Staatsbahn<\/td>\n<td valign=\"top\">Bn2<br \/>\nKranlok<br \/>\nNormalspur<\/td>\n<td valign=\"top\">.<\/td>\n<td valign=\"top\">914<\/td>\n<td valign=\"top\">ab 1895: 1<\/td>\n<\/tr>\n<tr>\n<td valign=\"top\">Xa<\/td>\n<td valign=\"top\">Badische Staatsbahn<\/td>\n<td valign=\"top\">Cn2<br \/>\nG\u00fcterzug-<br \/>\ntenderlok<br \/>\nNormalspur<\/td>\n<td valign=\"top\">45km\/h<\/td>\n<td valign=\"top\">1160<\/td>\n<td valign=\"top\">ab 1898<br \/>\n6<\/td>\n<\/tr>\n<\/tbody>\n<\/table>\n<p>&nbsp;<\/p>\n","protected":false},"excerpt":{"rendered":"<p>Lokomotiven aus Baden Ausfahrt eines Zuges aus dem Heidelberger Bahnhof, 1840 Quelle: Wikipedia unter: https:\/\/de.wikipedia.org\/wiki\/Gro%C3%9Fherzoglich_Badische_Staatseisenbahnen Hier finden sich nur Lokomotiven, die nicht von der DRG\/DR \u00fcbernommen wurden. Mehr zu den Gro\u00dfherzoglich Badische Staatseisenbahnen bei Wikipedia &#8211; Foto: Lok PHOENIX in N\u00fcrnberg, DB Museum, 2020; Museumslok PHOENIX des DB Museums, Standort N\u00fcrnberg; Bau- reihe Bauart\/Klasse Typ &hellip; <a href=\"http:\/\/tfz.lokomotive-online.com\/?page_id=24\" class=\"more-link\"><span class=\"screen-reader-text\">Lokomotiven aus Baden<\/span> weiterlesen <span class=\"meta-nav\">&rarr;<\/span><\/a><\/p>\n","protected":false},"author":1,"featured_media":0,"parent":15,"menu_order":0,"comment_status":"closed","ping_status":"open","template":"","meta":{"_crdt_document":"","footnotes":""},"class_list":["post-24","page","type-page","status-publish","hentry"],"yoast_head":"<!-- This site is optimized with the Yoast SEO plugin v27.4 - https:\/\/yoast.com\/product\/yoast-seo-wordpress\/ -->\n<title>Lokomotiven aus Baden - Lokomotiven deutscher Eisenbahnen<\/title>\n<meta name=\"robots\" content=\"index, follow, max-snippet:-1, max-image-preview:large, max-video-preview:-1\" \/>\n<link rel=\"canonical\" href=\"http:\/\/tfz.lokomotive-online.com\/?page_id=24\" \/>\n<meta property=\"og:locale\" content=\"de_DE\" \/>\n<meta property=\"og:type\" content=\"article\" \/>\n<meta property=\"og:title\" content=\"Lokomotiven aus Baden - Lokomotiven deutscher Eisenbahnen\" \/>\n<meta property=\"og:description\" content=\"Lokomotiven aus Baden Ausfahrt eines Zuges aus dem Heidelberger Bahnhof, 1840 Quelle: Wikipedia unter: https:\/\/de.wikipedia.org\/wiki\/Gro%C3%9Fherzoglich_Badische_Staatseisenbahnen Hier finden sich nur Lokomotiven, die nicht von der DRG\/DR \u00fcbernommen wurden. Mehr zu den Gro\u00dfherzoglich Badische Staatseisenbahnen bei Wikipedia &#8211; Foto: Lok PHOENIX in N\u00fcrnberg, DB Museum, 2020; Museumslok PHOENIX des DB Museums, Standort N\u00fcrnberg; Bau- reihe Bauart\/Klasse Typ &hellip; Lokomotiven aus Baden weiterlesen &rarr;\" \/>\n<meta property=\"og:url\" content=\"http:\/\/tfz.lokomotive-online.com\/?page_id=24\" \/>\n<meta property=\"og:site_name\" content=\"Lokomotiven deutscher Eisenbahnen\" \/>\n<meta property=\"article:modified_time\" content=\"2022-09-05T10:09:20+00:00\" \/>\n<meta property=\"og:image\" content=\"https:\/\/upload.wikimedia.org\/wikipedia\/commons\/3\/38\/Heidelberg_Station_1840.jpg\" \/>\n<meta name=\"twitter:card\" content=\"summary_large_image\" \/>\n<meta name=\"twitter:label1\" content=\"Gesch\u00e4tzte Lesezeit\" \/>\n\t<meta name=\"twitter:data1\" content=\"3\u00a0Minuten\" \/>\n<script type=\"application\/ld+json\" class=\"yoast-schema-graph\">{\"@context\":\"https:\\\/\\\/schema.org\",\"@graph\":[{\"@type\":\"WebPage\",\"@id\":\"http:\\\/\\\/tfz.lokomotive-online.com\\\/?page_id=24\",\"url\":\"http:\\\/\\\/tfz.lokomotive-online.com\\\/?page_id=24\",\"name\":\"Lokomotiven aus Baden - Lokomotiven deutscher Eisenbahnen\",\"isPartOf\":{\"@id\":\"https:\\\/\\\/tfz.lokomotive-online.com\\\/#website\"},\"primaryImageOfPage\":{\"@id\":\"http:\\\/\\\/tfz.lokomotive-online.com\\\/?page_id=24#primaryimage\"},\"image\":{\"@id\":\"http:\\\/\\\/tfz.lokomotive-online.com\\\/?page_id=24#primaryimage\"},\"thumbnailUrl\":\"https:\\\/\\\/upload.wikimedia.org\\\/wikipedia\\\/commons\\\/3\\\/38\\\/Heidelberg_Station_1840.jpg\",\"datePublished\":\"2015-04-02T07:17:46+00:00\",\"dateModified\":\"2022-09-05T10:09:20+00:00\",\"breadcrumb\":{\"@id\":\"http:\\\/\\\/tfz.lokomotive-online.com\\\/?page_id=24#breadcrumb\"},\"inLanguage\":\"de\",\"potentialAction\":[{\"@type\":\"ReadAction\",\"target\":[\"http:\\\/\\\/tfz.lokomotive-online.com\\\/?page_id=24\"]}]},{\"@type\":\"ImageObject\",\"inLanguage\":\"de\",\"@id\":\"http:\\\/\\\/tfz.lokomotive-online.com\\\/?page_id=24#primaryimage\",\"url\":\"https:\\\/\\\/upload.wikimedia.org\\\/wikipedia\\\/commons\\\/3\\\/38\\\/Heidelberg_Station_1840.jpg\",\"contentUrl\":\"https:\\\/\\\/upload.wikimedia.org\\\/wikipedia\\\/commons\\\/3\\\/38\\\/Heidelberg_Station_1840.jpg\"},{\"@type\":\"BreadcrumbList\",\"@id\":\"http:\\\/\\\/tfz.lokomotive-online.com\\\/?page_id=24#breadcrumb\",\"itemListElement\":[{\"@type\":\"ListItem\",\"position\":1,\"name\":\"Startseite\",\"item\":\"https:\\\/\\\/tfz.lokomotive-online.com\\\/\"},{\"@type\":\"ListItem\",\"position\":2,\"name\":\"Lokomotiven deutscher Eisenbahnen\",\"item\":\"https:\\\/\\\/tfz.lokomotive-online.com\\\/\"},{\"@type\":\"ListItem\",\"position\":3,\"name\":\"Lokomotiven der L\u00e4nderbahnen\",\"item\":\"https:\\\/\\\/tfz.lokomotive-online.com\\\/?page_id=15\"},{\"@type\":\"ListItem\",\"position\":4,\"name\":\"Lokomotiven aus Baden\"}]},{\"@type\":\"WebSite\",\"@id\":\"https:\\\/\\\/tfz.lokomotive-online.com\\\/#website\",\"url\":\"https:\\\/\\\/tfz.lokomotive-online.com\\\/\",\"name\":\"Lokomotiven deutscher Eisenbahnen\",\"description\":\"\",\"potentialAction\":[{\"@type\":\"SearchAction\",\"target\":{\"@type\":\"EntryPoint\",\"urlTemplate\":\"https:\\\/\\\/tfz.lokomotive-online.com\\\/?s={search_term_string}\"},\"query-input\":{\"@type\":\"PropertyValueSpecification\",\"valueRequired\":true,\"valueName\":\"search_term_string\"}}],\"inLanguage\":\"de\"}]}<\/script>\n<!-- \/ Yoast SEO plugin. -->","yoast_head_json":{"title":"Lokomotiven aus Baden - Lokomotiven deutscher Eisenbahnen","robots":{"index":"index","follow":"follow","max-snippet":"max-snippet:-1","max-image-preview":"max-image-preview:large","max-video-preview":"max-video-preview:-1"},"canonical":"http:\/\/tfz.lokomotive-online.com\/?page_id=24","og_locale":"de_DE","og_type":"article","og_title":"Lokomotiven aus Baden - Lokomotiven deutscher Eisenbahnen","og_description":"Lokomotiven aus Baden Ausfahrt eines Zuges aus dem Heidelberger Bahnhof, 1840 Quelle: Wikipedia unter: https:\/\/de.wikipedia.org\/wiki\/Gro%C3%9Fherzoglich_Badische_Staatseisenbahnen Hier finden sich nur Lokomotiven, die nicht von der DRG\/DR \u00fcbernommen wurden. Mehr zu den Gro\u00dfherzoglich Badische Staatseisenbahnen bei Wikipedia &#8211; Foto: Lok PHOENIX in N\u00fcrnberg, DB Museum, 2020; Museumslok PHOENIX des DB Museums, Standort N\u00fcrnberg; Bau- reihe Bauart\/Klasse Typ &hellip; Lokomotiven aus Baden weiterlesen &rarr;","og_url":"http:\/\/tfz.lokomotive-online.com\/?page_id=24","og_site_name":"Lokomotiven deutscher Eisenbahnen","article_modified_time":"2022-09-05T10:09:20+00:00","og_image":[{"url":"https:\/\/upload.wikimedia.org\/wikipedia\/commons\/3\/38\/Heidelberg_Station_1840.jpg","type":"","width":"","height":""}],"twitter_card":"summary_large_image","twitter_misc":{"Gesch\u00e4tzte Lesezeit":"3\u00a0Minuten"},"schema":{"@context":"https:\/\/schema.org","@graph":[{"@type":"WebPage","@id":"http:\/\/tfz.lokomotive-online.com\/?page_id=24","url":"http:\/\/tfz.lokomotive-online.com\/?page_id=24","name":"Lokomotiven aus Baden - Lokomotiven deutscher Eisenbahnen","isPartOf":{"@id":"https:\/\/tfz.lokomotive-online.com\/#website"},"primaryImageOfPage":{"@id":"http:\/\/tfz.lokomotive-online.com\/?page_id=24#primaryimage"},"image":{"@id":"http:\/\/tfz.lokomotive-online.com\/?page_id=24#primaryimage"},"thumbnailUrl":"https:\/\/upload.wikimedia.org\/wikipedia\/commons\/3\/38\/Heidelberg_Station_1840.jpg","datePublished":"2015-04-02T07:17:46+00:00","dateModified":"2022-09-05T10:09:20+00:00","breadcrumb":{"@id":"http:\/\/tfz.lokomotive-online.com\/?page_id=24#breadcrumb"},"inLanguage":"de","potentialAction":[{"@type":"ReadAction","target":["http:\/\/tfz.lokomotive-online.com\/?page_id=24"]}]},{"@type":"ImageObject","inLanguage":"de","@id":"http:\/\/tfz.lokomotive-online.com\/?page_id=24#primaryimage","url":"https:\/\/upload.wikimedia.org\/wikipedia\/commons\/3\/38\/Heidelberg_Station_1840.jpg","contentUrl":"https:\/\/upload.wikimedia.org\/wikipedia\/commons\/3\/38\/Heidelberg_Station_1840.jpg"},{"@type":"BreadcrumbList","@id":"http:\/\/tfz.lokomotive-online.com\/?page_id=24#breadcrumb","itemListElement":[{"@type":"ListItem","position":1,"name":"Startseite","item":"https:\/\/tfz.lokomotive-online.com\/"},{"@type":"ListItem","position":2,"name":"Lokomotiven deutscher Eisenbahnen","item":"https:\/\/tfz.lokomotive-online.com\/"},{"@type":"ListItem","position":3,"name":"Lokomotiven der L\u00e4nderbahnen","item":"https:\/\/tfz.lokomotive-online.com\/?page_id=15"},{"@type":"ListItem","position":4,"name":"Lokomotiven aus Baden"}]},{"@type":"WebSite","@id":"https:\/\/tfz.lokomotive-online.com\/#website","url":"https:\/\/tfz.lokomotive-online.com\/","name":"Lokomotiven deutscher Eisenbahnen","description":"","potentialAction":[{"@type":"SearchAction","target":{"@type":"EntryPoint","urlTemplate":"https:\/\/tfz.lokomotive-online.com\/?s={search_term_string}"},"query-input":{"@type":"PropertyValueSpecification","valueRequired":true,"valueName":"search_term_string"}}],"inLanguage":"de"}]}},"_links":{"self":[{"href":"http:\/\/tfz.lokomotive-online.com\/index.php?rest_route=\/wp\/v2\/pages\/24","targetHints":{"allow":["GET"]}}],"collection":[{"href":"http:\/\/tfz.lokomotive-online.com\/index.php?rest_route=\/wp\/v2\/pages"}],"about":[{"href":"http:\/\/tfz.lokomotive-online.com\/index.php?rest_route=\/wp\/v2\/types\/page"}],"author":[{"embeddable":true,"href":"http:\/\/tfz.lokomotive-online.com\/index.php?rest_route=\/wp\/v2\/users\/1"}],"replies":[{"embeddable":true,"href":"http:\/\/tfz.lokomotive-online.com\/index.php?rest_route=%2Fwp%2Fv2%2Fcomments&post=24"}],"version-history":[{"count":5,"href":"http:\/\/tfz.lokomotive-online.com\/index.php?rest_route=\/wp\/v2\/pages\/24\/revisions"}],"predecessor-version":[{"id":2170,"href":"http:\/\/tfz.lokomotive-online.com\/index.php?rest_route=\/wp\/v2\/pages\/24\/revisions\/2170"}],"up":[{"embeddable":true,"href":"http:\/\/tfz.lokomotive-online.com\/index.php?rest_route=\/wp\/v2\/pages\/15"}],"wp:attachment":[{"href":"http:\/\/tfz.lokomotive-online.com\/index.php?rest_route=%2Fwp%2Fv2%2Fmedia&parent=24"}],"curies":[{"name":"wp","href":"https:\/\/api.w.org\/{rel}","templated":true}]}}