{"id":137,"date":"2015-04-25T12:59:48","date_gmt":"2015-04-25T12:59:48","guid":{"rendered":"http:\/\/tfz.lokomotive-online.com\/?page_id=137"},"modified":"2021-11-07T09:11:11","modified_gmt":"2021-11-07T08:11:11","slug":"lokomotiven-der-deutschen-reichsbahn","status":"publish","type":"page","link":"http:\/\/tfz.lokomotive-online.com\/?page_id=137","title":{"rendered":"Lokomotiven der Deutschen Reichsbahn"},"content":{"rendered":"<div class=\"shariff\" data-twitter-via=\"#Loks\" data-title=\"Lokomotiven der Deutschen Reichsbahn\" data-info-url=\"http:\/\/ct.de\/-2467514\" data-backend-url=\"http:\/\/tfz.lokomotive-online.com\/wp-content\/plugins\/shariff-sharing\/backend\/index.php\" data-temp=\"\/tmp\" data-ttl=\"60\" data-service=\"gftlx\" data-services='[\"googleplus\",\"facebook\",\"twitter\",\"linkedin\",\"xing\",\"mail\",\"info\"]' data-image=\"https:\/\/www.u-bahn-berlin.de\/lok\/bilder\/112_364_2021-09-25.jpg\" data-url=\"http:\/\/tfz.lokomotive-online.com\/?page_id=137\" data-lang=\"de\" data-theme=\"round\" data-orientation=\"horizontal\"><\/div><h1>Lokomotiven der Deutschen Reichsbahn<\/h1>\n<p><img decoding=\"async\" style=\"width: 451px; height: 338px;\" src=\"https:\/\/www.u-bahn-berlin.de\/lok\/bilder\/112_364_2021-09-25.jpg\" alt=\"112 364\" \/><\/p>\n<p>Diesellok 112 364 in Sta\u00dffurt, 2021<\/p>\n<p>Hier sind alle Lokomotiven aufgelistet, die bei der DR neu oder umgebaut wurden.<br \/>\nDie anderen Lokomotiven (\u00e4ltere) sind unter den L\u00e4nderbahnen oder der DRG gelistet.<br \/>\n&#8211; mit Lokbest\u00e4nden zum 01.07.1960, 01.07.1970, 31.12.1980, 01.01.1990, 01.01.1993<\/p>\n<h2>Dampflokomotiven der DR<\/h2>\n<table border=\"0\" cellspacing=\"0\" cellpadding=\"3\" align=\"\">\n<tbody>\n<tr>\n<th align=\"left\" valign=\"top\">Baureihen (Classes)<\/th>\n<th align=\"left\" valign=\"top\">Typ<\/th>\n<th align=\"left\" valign=\"top\">Name<\/th>\n<\/tr>\n<tr>\n<td valign=\"top\"><a href=\"http:\/\/tfz.lokomotive-online.com\/?page_id=143\"  >01 bis 99<\/a><\/td>\n<td valign=\"top\"><\/td>\n<td valign=\"top\">Schnellzuglokomotiven, Personenzuglokomotiven, G\u00fcterzuglokomotiven, Zahnradlokomotiven, Lokalbahnlokomotiven, Schmalspurlokomotiven<\/td>\n<\/tr>\n<\/tbody>\n<\/table>\n<h2>Elektrische Lokomotiven der DR<\/h2>\n<table border=\"0\" cellspacing=\"0\" cellpadding=\"3\" align=\"\">\n<tbody>\n<tr>\n<td valign=\"top\"><a href=\"http:\/\/tfz.lokomotive-online.com\/?page_id=150\"  >200 bis 299<\/a><\/td>\n<td valign=\"top\">E<\/td>\n<td valign=\"top\">Elektrolokomotiven<\/td>\n<\/tr>\n<\/tbody>\n<\/table>\n<h2>Diesellokomotiven der DR<\/h2>\n<table border=\"0\" cellspacing=\"0\" cellpadding=\"3\" align=\"\">\n<tbody>\n<tr>\n<td valign=\"top\"><a href=\"http:\/\/tfz.lokomotive-online.com\/?page_id=155\"  >100 bis 199<\/a><\/td>\n<td valign=\"top\">V<\/td>\n<td valign=\"top\">Diesellokomotiven au\u00dfer Rangierlokomotiven<\/td>\n<\/tr>\n<tr>\n<td valign=\"top\"><a href=\"http:\/\/tfz.lokomotive-online.com\/?page_id=155\"  >100 bis 199<\/a><\/td>\n<td valign=\"top\">V<\/td>\n<td valign=\"top\">Diesel- Rangierlokomotiven<\/td>\n<\/tr>\n<\/tbody>\n<\/table>\n<p>&nbsp;<\/p>\n","protected":false},"excerpt":{"rendered":"<p>Lokomotiven der Deutschen Reichsbahn Diesellok 112 364 in Sta\u00dffurt, 2021 Hier sind alle Lokomotiven aufgelistet, die bei der DR neu oder umgebaut wurden. Die anderen Lokomotiven (\u00e4ltere) sind unter den L\u00e4nderbahnen oder der DRG gelistet. &#8211; mit Lokbest\u00e4nden zum 01.07.1960, 01.07.1970, 31.12.1980, 01.01.1990, 01.01.1993 Dampflokomotiven der DR Baureihen (Classes) Typ Name 01 bis 99 Schnellzuglokomotiven, &hellip; <a href=\"http:\/\/tfz.lokomotive-online.com\/?page_id=137\" class=\"more-link\"><span class=\"screen-reader-text\">Lokomotiven der Deutschen Reichsbahn<\/span> weiterlesen <span class=\"meta-nav\">&rarr;<\/span><\/a><\/p>\n","protected":false},"author":1,"featured_media":0,"parent":8,"menu_order":0,"comment_status":"closed","ping_status":"open","template":"","meta":{"_crdt_document":"","footnotes":""},"class_list":["post-137","page","type-page","status-publish","hentry"],"yoast_head":"<!-- This site is optimized with the Yoast SEO plugin v27.4 - https:\/\/yoast.com\/product\/yoast-seo-wordpress\/ -->\n<title>Lokomotiven der Deutschen Reichsbahn - Lokomotiven deutscher Eisenbahnen<\/title>\n<meta name=\"robots\" content=\"index, follow, max-snippet:-1, max-image-preview:large, max-video-preview:-1\" \/>\n<link rel=\"canonical\" href=\"https:\/\/tfz.lokomotive-online.com\/?page_id=137\" \/>\n<meta property=\"og:locale\" content=\"de_DE\" \/>\n<meta property=\"og:type\" content=\"article\" \/>\n<meta property=\"og:title\" content=\"Lokomotiven der Deutschen Reichsbahn - Lokomotiven deutscher Eisenbahnen\" \/>\n<meta property=\"og:description\" content=\"Lokomotiven der Deutschen Reichsbahn Diesellok 112 364 in Sta\u00dffurt, 2021 Hier sind alle Lokomotiven aufgelistet, die bei der DR neu oder umgebaut wurden. Die anderen Lokomotiven (\u00e4ltere) sind unter den L\u00e4nderbahnen oder der DRG gelistet. &#8211; mit Lokbest\u00e4nden zum 01.07.1960, 01.07.1970, 31.12.1980, 01.01.1990, 01.01.1993 Dampflokomotiven der DR Baureihen (Classes) Typ Name 01 bis 99 Schnellzuglokomotiven, &hellip; Lokomotiven der Deutschen Reichsbahn weiterlesen &rarr;\" \/>\n<meta property=\"og:url\" content=\"https:\/\/tfz.lokomotive-online.com\/?page_id=137\" \/>\n<meta property=\"og:site_name\" content=\"Lokomotiven deutscher Eisenbahnen\" \/>\n<meta property=\"article:modified_time\" content=\"2021-11-07T08:11:11+00:00\" \/>\n<meta property=\"og:image\" content=\"https:\/\/www.u-bahn-berlin.de\/lok\/bilder\/112_364_2021-09-25.jpg\" \/>\n<meta name=\"twitter:card\" content=\"summary_large_image\" \/>\n<meta name=\"twitter:label1\" content=\"Gesch\u00e4tzte Lesezeit\" \/>\n\t<meta name=\"twitter:data1\" content=\"1\u00a0Minute\" \/>\n<script type=\"application\/ld+json\" class=\"yoast-schema-graph\">{\"@context\":\"https:\\\/\\\/schema.org\",\"@graph\":[{\"@type\":\"WebPage\",\"@id\":\"https:\\\/\\\/tfz.lokomotive-online.com\\\/?page_id=137\",\"url\":\"https:\\\/\\\/tfz.lokomotive-online.com\\\/?page_id=137\",\"name\":\"Lokomotiven der Deutschen Reichsbahn - Lokomotiven deutscher Eisenbahnen\",\"isPartOf\":{\"@id\":\"http:\\\/\\\/tfz.lokomotive-online.com\\\/#website\"},\"primaryImageOfPage\":{\"@id\":\"https:\\\/\\\/tfz.lokomotive-online.com\\\/?page_id=137#primaryimage\"},\"image\":{\"@id\":\"https:\\\/\\\/tfz.lokomotive-online.com\\\/?page_id=137#primaryimage\"},\"thumbnailUrl\":\"https:\\\/\\\/www.u-bahn-berlin.de\\\/lok\\\/bilder\\\/112_364_2021-09-25.jpg\",\"datePublished\":\"2015-04-25T12:59:48+00:00\",\"dateModified\":\"2021-11-07T08:11:11+00:00\",\"breadcrumb\":{\"@id\":\"https:\\\/\\\/tfz.lokomotive-online.com\\\/?page_id=137#breadcrumb\"},\"inLanguage\":\"de\",\"potentialAction\":[{\"@type\":\"ReadAction\",\"target\":[\"https:\\\/\\\/tfz.lokomotive-online.com\\\/?page_id=137\"]}]},{\"@type\":\"ImageObject\",\"inLanguage\":\"de\",\"@id\":\"https:\\\/\\\/tfz.lokomotive-online.com\\\/?page_id=137#primaryimage\",\"url\":\"https:\\\/\\\/www.u-bahn-berlin.de\\\/lok\\\/bilder\\\/112_364_2021-09-25.jpg\",\"contentUrl\":\"https:\\\/\\\/www.u-bahn-berlin.de\\\/lok\\\/bilder\\\/112_364_2021-09-25.jpg\"},{\"@type\":\"BreadcrumbList\",\"@id\":\"https:\\\/\\\/tfz.lokomotive-online.com\\\/?page_id=137#breadcrumb\",\"itemListElement\":[{\"@type\":\"ListItem\",\"position\":1,\"name\":\"Startseite\",\"item\":\"http:\\\/\\\/tfz.lokomotive-online.com\\\/\"},{\"@type\":\"ListItem\",\"position\":2,\"name\":\"Lokomotiven deutscher Eisenbahnen\",\"item\":\"http:\\\/\\\/tfz.lokomotive-online.com\\\/\"},{\"@type\":\"ListItem\",\"position\":3,\"name\":\"Lokomotiven der Deutschen Reichsbahn\"}]},{\"@type\":\"WebSite\",\"@id\":\"http:\\\/\\\/tfz.lokomotive-online.com\\\/#website\",\"url\":\"http:\\\/\\\/tfz.lokomotive-online.com\\\/\",\"name\":\"Lokomotiven deutscher Eisenbahnen\",\"description\":\"\",\"potentialAction\":[{\"@type\":\"SearchAction\",\"target\":{\"@type\":\"EntryPoint\",\"urlTemplate\":\"http:\\\/\\\/tfz.lokomotive-online.com\\\/?s={search_term_string}\"},\"query-input\":{\"@type\":\"PropertyValueSpecification\",\"valueRequired\":true,\"valueName\":\"search_term_string\"}}],\"inLanguage\":\"de\"}]}<\/script>\n<!-- \/ Yoast SEO plugin. -->","yoast_head_json":{"title":"Lokomotiven der Deutschen Reichsbahn - Lokomotiven deutscher Eisenbahnen","robots":{"index":"index","follow":"follow","max-snippet":"max-snippet:-1","max-image-preview":"max-image-preview:large","max-video-preview":"max-video-preview:-1"},"canonical":"https:\/\/tfz.lokomotive-online.com\/?page_id=137","og_locale":"de_DE","og_type":"article","og_title":"Lokomotiven der Deutschen Reichsbahn - Lokomotiven deutscher Eisenbahnen","og_description":"Lokomotiven der Deutschen Reichsbahn Diesellok 112 364 in Sta\u00dffurt, 2021 Hier sind alle Lokomotiven aufgelistet, die bei der DR neu oder umgebaut wurden. Die anderen Lokomotiven (\u00e4ltere) sind unter den L\u00e4nderbahnen oder der DRG gelistet. &#8211; mit Lokbest\u00e4nden zum 01.07.1960, 01.07.1970, 31.12.1980, 01.01.1990, 01.01.1993 Dampflokomotiven der DR Baureihen (Classes) Typ Name 01 bis 99 Schnellzuglokomotiven, &hellip; Lokomotiven der Deutschen Reichsbahn weiterlesen &rarr;","og_url":"https:\/\/tfz.lokomotive-online.com\/?page_id=137","og_site_name":"Lokomotiven deutscher Eisenbahnen","article_modified_time":"2021-11-07T08:11:11+00:00","og_image":[{"url":"https:\/\/www.u-bahn-berlin.de\/lok\/bilder\/112_364_2021-09-25.jpg","type":"","width":"","height":""}],"twitter_card":"summary_large_image","twitter_misc":{"Gesch\u00e4tzte Lesezeit":"1\u00a0Minute"},"schema":{"@context":"https:\/\/schema.org","@graph":[{"@type":"WebPage","@id":"https:\/\/tfz.lokomotive-online.com\/?page_id=137","url":"https:\/\/tfz.lokomotive-online.com\/?page_id=137","name":"Lokomotiven der Deutschen Reichsbahn - Lokomotiven deutscher Eisenbahnen","isPartOf":{"@id":"http:\/\/tfz.lokomotive-online.com\/#website"},"primaryImageOfPage":{"@id":"https:\/\/tfz.lokomotive-online.com\/?page_id=137#primaryimage"},"image":{"@id":"https:\/\/tfz.lokomotive-online.com\/?page_id=137#primaryimage"},"thumbnailUrl":"https:\/\/www.u-bahn-berlin.de\/lok\/bilder\/112_364_2021-09-25.jpg","datePublished":"2015-04-25T12:59:48+00:00","dateModified":"2021-11-07T08:11:11+00:00","breadcrumb":{"@id":"https:\/\/tfz.lokomotive-online.com\/?page_id=137#breadcrumb"},"inLanguage":"de","potentialAction":[{"@type":"ReadAction","target":["https:\/\/tfz.lokomotive-online.com\/?page_id=137"]}]},{"@type":"ImageObject","inLanguage":"de","@id":"https:\/\/tfz.lokomotive-online.com\/?page_id=137#primaryimage","url":"https:\/\/www.u-bahn-berlin.de\/lok\/bilder\/112_364_2021-09-25.jpg","contentUrl":"https:\/\/www.u-bahn-berlin.de\/lok\/bilder\/112_364_2021-09-25.jpg"},{"@type":"BreadcrumbList","@id":"https:\/\/tfz.lokomotive-online.com\/?page_id=137#breadcrumb","itemListElement":[{"@type":"ListItem","position":1,"name":"Startseite","item":"http:\/\/tfz.lokomotive-online.com\/"},{"@type":"ListItem","position":2,"name":"Lokomotiven deutscher Eisenbahnen","item":"http:\/\/tfz.lokomotive-online.com\/"},{"@type":"ListItem","position":3,"name":"Lokomotiven der Deutschen Reichsbahn"}]},{"@type":"WebSite","@id":"http:\/\/tfz.lokomotive-online.com\/#website","url":"http:\/\/tfz.lokomotive-online.com\/","name":"Lokomotiven deutscher Eisenbahnen","description":"","potentialAction":[{"@type":"SearchAction","target":{"@type":"EntryPoint","urlTemplate":"http:\/\/tfz.lokomotive-online.com\/?s={search_term_string}"},"query-input":{"@type":"PropertyValueSpecification","valueRequired":true,"valueName":"search_term_string"}}],"inLanguage":"de"}]}},"_links":{"self":[{"href":"http:\/\/tfz.lokomotive-online.com\/index.php?rest_route=\/wp\/v2\/pages\/137","targetHints":{"allow":["GET"]}}],"collection":[{"href":"http:\/\/tfz.lokomotive-online.com\/index.php?rest_route=\/wp\/v2\/pages"}],"about":[{"href":"http:\/\/tfz.lokomotive-online.com\/index.php?rest_route=\/wp\/v2\/types\/page"}],"author":[{"embeddable":true,"href":"http:\/\/tfz.lokomotive-online.com\/index.php?rest_route=\/wp\/v2\/users\/1"}],"replies":[{"embeddable":true,"href":"http:\/\/tfz.lokomotive-online.com\/index.php?rest_route=%2Fwp%2Fv2%2Fcomments&post=137"}],"version-history":[{"count":2,"href":"http:\/\/tfz.lokomotive-online.com\/index.php?rest_route=\/wp\/v2\/pages\/137\/revisions"}],"predecessor-version":[{"id":2075,"href":"http:\/\/tfz.lokomotive-online.com\/index.php?rest_route=\/wp\/v2\/pages\/137\/revisions\/2075"}],"up":[{"embeddable":true,"href":"http:\/\/tfz.lokomotive-online.com\/index.php?rest_route=\/wp\/v2\/pages\/8"}],"wp:attachment":[{"href":"http:\/\/tfz.lokomotive-online.com\/index.php?rest_route=%2Fwp%2Fv2%2Fmedia&parent=137"}],"curies":[{"name":"wp","href":"https:\/\/api.w.org\/{rel}","templated":true}]}}